{"id":5,"date":"2020-03-09T10:19:01","date_gmt":"2020-03-09T10:19:01","guid":{"rendered":"http:\/\/claudiorodriguez.com\/ruta-literaria\/?page_id=5"},"modified":"2022-07-29T08:26:13","modified_gmt":"2022-07-29T06:26:13","slug":"biografia","status":"publish","type":"page","link":"https:\/\/claudiorodriguez.com\/ruta-literaria\/","title":{"rendered":"Biograf\u00eda"},"content":{"rendered":"<div class=\"justify\">\n<h2><strong>RUTA LITERARIA DE CLAUDIO RODR\u00cdGUEZ por ZAMORA<\/strong><\/h2>\n<hr \/>\n<p>Claudio Rodr\u00edguez fue un fino observador de la realidad y lo hac\u00eda deambulando, paseando. Poeta andariego, buscaba la soledad compartida desde una extra\u00f1a sensibilidad, la del solitario que contempla su ciudad como una manera de encontrar la paz, el sosiego que a veces la vida le negaba.<\/p>\n<p>En sus paseos buscaba tambi\u00e9n el encuentro con su gente, con su ciudad, esa ciudad que como \u00e9l dec\u00eda nos acoge y acusa.<\/p>\n<div class=\"times\">\u201cCuando todo se vaya, cuando yo me haya ido, \/ quedar\u00e1 esta mirada \/ que pidi\u00f3, y dio, sin tiempo\u201d<\/div>\n<div style=\"margin-left: 10%;\">, dice en <em>El vuelo de la celebraci\u00f3n<\/em>.<\/div>\n<p>&nbsp;<\/p>\n<p>El Seminario Permanente Claudio Rodr\u00edguez pretende fijar esa mirada sin tiempo en la ruta literaria por los lugares que Claudio vivi\u00f3 intensamente y que est\u00e1n reflejados o han dejado profunda huella en su vida y obra.<\/p>\n<p>&nbsp;<\/p>\n<h2><strong>CLAUDIO RODR\u00cdGUEZ (1934-1999) &#8211; Biograf\u00eda<\/strong><\/h2>\n<hr \/>\n<div class=\"blue\">1934<\/div>\n<p>Nace el 30 de enero en Zamora. Recibe los nombres de Claudio Valent\u00edn Francisco, \u201cCay\u00edn\u201d para su familia y amigos.<br \/>\nPasa temporadas en la finca de su abuela paterna, muy cerca de la ciudad, en contacto con la naturaleza y las labores del campo.<\/p>\n<div class=\"blue\">1944<\/div>\n<p>Estudia bachillerato en el Instituto Claudio Moyano. Es decisiva la influencia de Ram\u00f3n Luelmo, profesor de Literatura y de Jos\u00e9 Mar\u00eda L\u00f3pez, de Filosof\u00eda.<br \/>\nEn casa recibe los primeros est\u00edmulos literarios. Su padre es gran lector de poes\u00eda.<\/p>\n<div class=\"blue\">1947<\/div>\n<p>El 23 de marzo muere repentinamente su padre.<\/p>\n<div class=\"times\">\u201cYo nunca he tenido realmente vida familiar. La muerte de mi padre. Unas relaciones no muy buenas con mi madre que era muy joven\u2026 Tampoco pod\u00eda tener relaciones muy estrechas con unas hermanas a las que llevaba once a\u00f1os. As\u00ed que siempre he estado muy solo, y eso, pienso, ha influido decisivamente en mi poes\u00eda. Carec\u00eda de un asidero firme\u201d.<\/div>\n<p>&nbsp;<\/p>\n<div class=\"blue\">1949<\/div>\n<p>Lee a los fil\u00f3sofos griegos y a los m\u00edsticos espa\u00f1oles. Lee a Rimbaud en franc\u00e9s<\/p>\n<div class=\"blue\">1951<\/div>\n<p>Comienza a escribir <em>Don de la ebriedad<\/em>. En octubre se traslada a Madrid para estudiar Filosof\u00eda y Letras en la Universidad Central.<\/p>\n<p><img decoding=\"async\" class=\"aligncenter wp-image-23 size-large\" src=\"\/ruta-literaria\/wp-content\/uploads\/2020\/03\/taller-de-venancio-blanco-con-claudio-rodriguez-ramon-abrantes-antonio-pedrero-y-alberto-de-la-torre-cavero.jpg\" alt=\"Taller de Venancio Blanco: Claudio, Ram\u00f3n Abrantes, Antonio Pedrero y Alberto de la Torre Cavero\" \/><\/p>\n<div class=\"piefto\">Taller de Venancio Blanco: Claudio, Ram\u00f3n Abrantes, Antonio Pedrero y Alberto de la Torre Cavero<\/div>\n<div class=\"blue\">1952<\/div>\n<p>Su madre le obliga a matricularse por libre en la Facultad de Derecho de la Universidad de Salamanca. Abandona la carrera definitivamente despu\u00e9s de aprobar algunas asignaturas.<\/p>\n<div class=\"blue\">1953<\/div>\n<p>Conoce a Clara Miranda, su mujer, en una excursi\u00f3n universitaria a Granada. Env\u00eda a Vicente Aleixandre el manuscrito de su primer libro <em>Don de la ebriedad<\/em>. Se encuentran poco despu\u00e9s en la famosa casa de la calle Velintonia 3. Su relaci\u00f3n se prolongar\u00e1 hasta la muerte de Aleixandre en 1984.<\/p>\n<div class=\"times\">\u201cYo tuve la fortuna de hacer una amistad profunda, casi filial, por decirlo de alg\u00fan modo, con Vicente Aleixandre. Pero eso no tiene tanta importancia en lo literario como en lo personal. Lo visitaba casi tres veces por semana, o m\u00e1s. Y fue all\u00ed donde me relacion\u00e9 m\u00e1s estrechamente con otros escritores: con Carlos Bouso\u00f1o, Jos\u00e9 \u00c1ngel Valente, Francisco Brines, \u00c1ngel Gonz\u00e1lez. Fueron amistades, en cualquier caso, que no ten\u00edan que ver espec\u00edficamente con la literatura. Yo no tengo ni idea de lo que es el mundo literario\u201d<\/div>\n<p>&nbsp;<\/p>\n<div class=\"blue\">1954<\/div>\n<p>Se publica el libro <em>Don de la ebriedad<\/em> que supone una sorpresa y un acontecimiento.<br \/>\nEn verano, ya en Zamora, hace amistad con Blas de Otero con quien da largos paseos por la ciudad y el r\u00edo. En recuerdo de aquellos d\u00edas queda el poema \u201cBlas de Otero en el taller de Ram\u00f3n Abrantes en Zamora\u201d<\/p>\n<div class=\"blue\">1956<\/div>\n<p>En Madrid participa en las revueltas estudiantiles entre el 1 y el 9 de febrero lo que tiene como consecuencia su detenci\u00f3n y posterior vigilancia policial en Zamora.<\/p>\n<div class=\"blue\">1957<\/div>\n<p>Se licencia en Filolog\u00eda Rom\u00e1nica en la Universidad Central de Madrid<br \/>\nSu memoria de licenciatura, dirigida por Rafael de Balb\u00edn Lucas, es <em>El elemento m\u00e1gico en las canciones infantiles de corro castellanas [\u2018The Magical Element in Castilian Ring-around-the-rosey Children Songs\u2019].<\/em><br \/>\nEn diciembre obtiene el Premio Adon\u00e1is de Poes\u00eda por <em>Don de la ebriedad.<\/em> Ten\u00eda tan solo diecinueve a\u00f1os y estudiaba Filosof\u00eda y Letras.<\/p>\n<p><img decoding=\"async\" class=\"aligncenter wp-image-23 size-large\" src=\"\/ruta-literaria\/wp-content\/uploads\/2020\/03\/claan-miranda-y-claudio-rodriguez.jpg\" alt=\"Con Clara Miranda, su mujer\" \/><\/p>\n<div class=\"piefto\">Con Clara Miranda, su mujer<\/div>\n<div class=\"blue\">1958<\/div>\n<p>Se traslada a Nottingham como lector de espa\u00f1ol gracias a la ayuda de D\u00e1maso Alonso y Vicente Aleixandre donde permanece hasta 1960. Desarrolla una constante labor docente y universitaria y entra en contacto con los grandes poetas metaf\u00edsicos y rom\u00e1nticos ingleses.<br \/>\nEn noviembre aparece su segundo libro, <em>Conjuros<\/em>, dedicado a Vicente Aleixandre, amigo y maestro.<\/p>\n<div class=\"blue\">1959<\/div>\n<p>Se casa con Clara Miranda en Madrid el 23 de julio. Los \u201cCla-Cla\u201d, como les llama Jos\u00e9 Olivio Jim\u00e9nez, pasar\u00e1n sus primeros a\u00f1os de matrimonio en Inglaterra.<\/p>\n<p><img decoding=\"async\" class=\"aligncenter wp-image-23 size-large\" src=\"\/ruta-literaria\/wp-content\/uploads\/2020\/03\/fin-de-curso-con-alumnos-de-claudio-rodriguez-en-nottingham.jpg\" alt=\"Fin de curso con sus alumnos. Universidad de Nottingham, 1959\" \/><\/p>\n<div class=\"piefto\">Fin de curso con sus alumnos. Universidad de Nottingham, 1959<\/div>\n<div class=\"blue\">1960<\/div>\n<p>Se instala en la Universidad de Cambridge como lector de espa\u00f1ol hasta 1964. Estrecha su amistad con el poeta Francisco Brines, lector entonces en Oxford.<\/p>\n<div class=\"blue\">1964<\/div>\n<p>De regreso de Cambridge, fija su residencia en Madrid, decidido a dedicarse a la ense\u00f1anza universitaria, a la poes\u00eda y a sus amigos.<br \/>\nTrabaja como profesor de Literatura Espa\u00f1ola en el Instituto Internacional en la calle Miguel \u00c1ngel y, ocasionalmente, en la Universidad Complutense.<\/p>\n<div class=\"blue\">1965<\/div>\n<p>Publica <em>Alianza y condena<\/em>, escrito la mayor parte en Inglaterra.<\/p>\n<div class=\"blue\">1966<\/div>\n<p>Premio de la Cr\u00edtica a <em>Alianza y condena.<\/em><br \/>\nComienza a traducir al espa\u00f1ol a T.S. Eliot por encargo de una editorial espa\u00f1ola pero estas versiones nunca ver\u00e1n la luz.<\/p>\n<p><img decoding=\"async\" class=\"aligncenter wp-image-23 size-large\" src=\"\/ruta-literaria\/wp-content\/uploads\/2020\/03\/jose-angel-vicente-vicente-aleixandre-y-claudio-rodriguez.jpg\" alt=\"Jos\u00e9 \u00c1ngel Valente, Vicente Aleixandre y Claudio Rodr\u00edguez, 1967\" \/><\/p>\n<div class=\"piefto\">Jos\u00e9 \u00c1ngel Valente, Vicente Aleixandre y Claudio Rodr\u00edguez, 1967<\/div>\n<div class=\"blue\">1975<\/div>\n<p>Vuelve a Zamora para dar una conferencia invitado por la Escuela de Magisterio. Esta ser\u00e1 la primera intervenci\u00f3n p\u00fablica en su ciudad.<\/p>\n<div class=\"blue\">1976<\/div>\n<p>Disfruta de una Beca de la Fundaci\u00f3n Juan March que le permite trabajar en su nueva obra <em>El vuelo de la celebraci\u00f3n. <\/em><br \/>\nLa muerte de su madre, con la que manten\u00eda una dif\u00edcil relaci\u00f3n y la de su hermana, matizan la escritura de este nuevo libro.<\/p>\n<div class=\"blue\">1980<\/div>\n<p>La Modern Language Association of America (MLA) celebra en diciembre la sesi\u00f3n \u201cIn Honor of Claudio Rodr\u00edguez\u201d, en Houston, Texas.<\/p>\n<div class=\"blue\">1983<\/div>\n<p>Publica <em>Desde mis poemas<\/em>, una recopilaci\u00f3n de toda su obra. Con \u00e9l obtiene el Premio Nacional de Poes\u00eda.<\/p>\n<p><img decoding=\"async\" class=\"aligncenter wp-image-23 size-large\" src=\"\/ruta-literaria\/wp-content\/uploads\/2020\/03\/claudio-rodrigues-con-jose-hierro-y-vicente-aleixandre.jpg\" alt=\"Con Jos\u00e9 Hierro (a la derecha, de pi\u00e9) y Vicente Aleixandre (sentado)\" \/><\/p>\n<div class=\"piefto\">Con Jos\u00e9 Hierro (a la derecha, de pie) y Vicente Aleixandre (sentado)<\/div>\n<div class=\"blue\">1985<\/div>\n<p>Publica <em>Reflexiones sobre mi poes\u00eda.<\/em><br \/>\nParticipa en Granada en las jornadas <em>Palabras para un tiempo de silencio,<\/em> dedicadas a la poes\u00eda y la novela de los a\u00f1os cincuenta. \u201cLo que caracteriza a nuestra generaci\u00f3n es la amistad. Luego cada uno escrib\u00eda lo que quer\u00eda. Tal vez, lo \u00fanico que nos ligaba era la importancia que cada uno le daba, en su propio estilo, a la calidad del lenguaje, a la destreza po\u00e9tica. Tambi\u00e9n nos aglutinaba una misma postura \u00e9tica frente a unas circunstancias hist\u00f3ricas determinadas. Que no era necesariamente pol\u00edtica\u201d<\/p>\n<div class=\"blue\">1986<\/div>\n<p>Premio de las Letras de Castilla y Le\u00f3n.<\/p>\n<div class=\"blue\">1987<\/div>\n<p>Colabora en el diario ABC.<br \/>\nLa ciudad de Salamanca dedica una plaza a su nombre.<br \/>\nEl 17 de diciembre es elegido miembro de n\u00famero de la Real Academia Espa\u00f1ola de la Lengua para ocupar el sill\u00f3n I may\u00fascula, que dejara Gerardo Diego; fue propuesto por Carlos Bouso\u00f1o, Emilio Lorenzo y Manuel Seco.<\/p>\n<div class=\"blue\">1988<\/div>\n<p>El 24 de septiembre publica en ABC varias traducciones de poemas de Eliot.<\/p>\n<div class=\"blue\">1991<\/div>\n<p>Publica <em>Casi una leyenda.<\/em><br \/>\nVeinticuatro cr\u00edticos lo consideran el mejor libro publicado en Espa\u00f1a ese a\u00f1o.<br \/>\nI Premio revista El Cr\u00edtico a <em>Casi una leyenda.<\/em><\/p>\n<div class=\"blue\">1992<\/div>\n<p>El 29 de marzo lee el discurso de ingreso en la Real Academia con el t\u00edtulo <em>Poes\u00eda como participaci\u00f3n: hacia Miguel Hern\u00e1ndez; <\/em>el discurso de contestaci\u00f3n lo lee Carlos Bouso\u00f1o, amigo y uno de los primeros estudiosos de su obra.<\/p>\n<div class=\"blue\">1993<\/div>\n<p>Premio Pr\u00edncipe de Asturias de las Letras.<br \/>\nII Premio Reina Sof\u00eda de Poes\u00eda Iberoamericana, instituido por el Patrimonio Nacional y la Universidad de Salamanca.<br \/>\nLa Universidad de Salamanca publica la antolog\u00eda <em>Hacia el canto<\/em>.<br \/>\nEl Instituto Hisp\u00e1nico y la Universidad de Columbia (Nueva York) le dedican un monogr\u00e1fico en su Revista Hisp\u00e1nica Moderna.<\/p>\n<div class=\"blue\">1995<\/div>\n<p>Nombrado Patrono del Instituto Cervantes.<\/p>\n<div class=\"blue\">1996<\/div>\n<p>Nombrado acad\u00e9mico por La Academia Castellano Leonesa de Poes\u00eda.<\/p>\n<div class=\"blue\">1998<\/div>\n<p>Invitado al I Encuentro de Poes\u00eda Europea, en la Residencia de Estudiantes.<br \/>\nPremio Poes\u00eda de la Academia Castellano Leonesa a su trayectoria.<\/p>\n<div class=\"blue\">1999<\/div>\n<p>Muere en Madrid el 22 de julio y es trasladado al cementerio de San Atilano en Zamora.<\/p>\n<div class=\"blue\">2005<\/div>\n<p>Se publica <em>Aventura<\/em>, libro que recoge sus poemas p\u00f3stumos.<\/p>\n<\/div>\n<p>&nbsp;<\/p>\n","protected":false},"excerpt":{"rendered":"<p>RUTA LITERARIA DE CLAUDIO RODR\u00cdGUEZ por ZAMORA Claudio Rodr\u00edguez fue un fino observador de la realidad y lo hac\u00eda deambulando, paseando. Poeta andariego, buscaba la soledad compartida desde una extra\u00f1a sensibilidad, la del solitario que contempla su ciudad como una &hellip; <a href=\"https:\/\/claudiorodriguez.com\/ruta-literaria\/\">Sigue leyendo <span class=\"meta-nav\">&rarr;<\/span><\/a><\/p>\n","protected":false},"author":2,"featured_media":0,"parent":0,"menu_order":0,"comment_status":"closed","ping_status":"closed","template":"","meta":{"footnotes":""},"class_list":["post-5","page","type-page","status-publish","hentry"],"_links":{"self":[{"href":"https:\/\/claudiorodriguez.com\/ruta-literaria\/wp-json\/wp\/v2\/pages\/5","targetHints":{"allow":["GET"]}}],"collection":[{"href":"https:\/\/claudiorodriguez.com\/ruta-literaria\/wp-json\/wp\/v2\/pages"}],"about":[{"href":"https:\/\/claudiorodriguez.com\/ruta-literaria\/wp-json\/wp\/v2\/types\/page"}],"author":[{"embeddable":true,"href":"https:\/\/claudiorodriguez.com\/ruta-literaria\/wp-json\/wp\/v2\/users\/2"}],"replies":[{"embeddable":true,"href":"https:\/\/claudiorodriguez.com\/ruta-literaria\/wp-json\/wp\/v2\/comments?post=5"}],"version-history":[{"count":0,"href":"https:\/\/claudiorodriguez.com\/ruta-literaria\/wp-json\/wp\/v2\/pages\/5\/revisions"}],"wp:attachment":[{"href":"https:\/\/claudiorodriguez.com\/ruta-literaria\/wp-json\/wp\/v2\/media?parent=5"}],"curies":[{"name":"wp","href":"https:\/\/api.w.org\/{rel}","templated":true}]}}